{"id":9416,"date":"2026-01-28T14:51:19","date_gmt":"2026-01-28T17:51:19","guid":{"rendered":"https:\/\/ppgeet.sites3.uff.br\/?page_id=9416"},"modified":"2026-01-28T14:53:21","modified_gmt":"2026-01-28T17:53:21","slug":"teste","status":"publish","type":"page","link":"https:\/\/ppgeet.uff.br\/index.php\/teste\/","title":{"rendered":"Teste"},"content":{"rendered":"\n<h1 class=\"wp-block-heading\">Apresenta\u00e7\u00e3o<\/h1>\n\n\n\n<p>O Programa de P\u00f3s-Gradua\u00e7\u00e3o em Engenharia El\u00e9trica e de Telecomunica\u00e7\u00f5es (PPGEET), reformulado em 2013 a partir do Programa P\u00f3s-gradua\u00e7\u00e3o em Engenharia de Telecomunica\u00e7\u00f5es, \u00e9 reconhecido pelo Minist\u00e9rio da Educa\u00e7\u00e3o \u2013 MEC e avaliado pela Coordenadoria de Aperfei\u00e7oamento de Pessoal de Ensino Superior \u2013 CAPES. Seu corpo docente \u00e9 formado, atualmente, por 26 doutores permanentes, titulados no Brasil e no exterior, al\u00e9m de 2 doutores colaboradores.<\/p>\n\n\n\n<p>O programa conta com o apoio da CAPES, CNPq, FAPERJ, sob a forma de bolsas de estudo e de projetos de pesquisa. Al\u00e9m disso, diversos projetos v\u00eam sendo desenvolvidos pelos pesquisadores e alunos com o apoio da ANEEL, Furnas Centrais El\u00e9tricas, Petrobras, LIGHT S.A., RNP, FIRJAN, ENEL, dentre outros.&nbsp;&nbsp;&nbsp;&nbsp;&nbsp;&nbsp;<br>&nbsp;&nbsp;<\/p>\n\n\n\n<figure class=\"wp-block-image size-large\"><img loading=\"lazy\" decoding=\"async\" width=\"723\" height=\"1024\" src=\"https:\/\/ppgeet.sites3.uff.br\/wp-content\/uploads\/sites\/207\/2021\/05\/PPGEET-Inscricoes-Mestrado-2021-723x1024.jpeg\" alt=\"\" class=\"wp-image-4088\" srcset=\"https:\/\/ppgeet.uff.br\/wp-content\/uploads\/sites\/207\/2021\/05\/PPGEET-Inscricoes-Mestrado-2021-723x1024.jpeg 723w, https:\/\/ppgeet.uff.br\/wp-content\/uploads\/sites\/207\/2021\/05\/PPGEET-Inscricoes-Mestrado-2021-212x300.jpeg 212w, https:\/\/ppgeet.uff.br\/wp-content\/uploads\/sites\/207\/2021\/05\/PPGEET-Inscricoes-Mestrado-2021-768x1087.jpeg 768w, https:\/\/ppgeet.uff.br\/wp-content\/uploads\/sites\/207\/2021\/05\/PPGEET-Inscricoes-Mestrado-2021.jpeg 904w\" sizes=\"(max-width: 723px) 100vw, 723px\" \/><\/figure>\n","protected":false},"excerpt":{"rendered":"<p>Apresenta\u00e7\u00e3o O Programa de P\u00f3s-Gradua\u00e7\u00e3o em Engenharia El\u00e9trica e de Telecomunica\u00e7\u00f5es (PPGEET), reformulado em 2013 a partir do Programa P\u00f3s-gradua\u00e7\u00e3o em Engenharia de Telecomunica\u00e7\u00f5es, \u00e9 reconhecido pelo Minist\u00e9rio da Educa\u00e7\u00e3o \u2013 MEC e avaliado pela Coordenadoria de Aperfei\u00e7oamento de Pessoal de Ensino Superior \u2013 CAPES. Seu corpo docente \u00e9 formado, atualmente, por 26 doutores permanentes, [&hellip;]<\/p>\n","protected":false},"author":7,"featured_media":0,"parent":0,"menu_order":0,"comment_status":"closed","ping_status":"closed","template":"","meta":{"_et_pb_use_builder":"off","_et_pb_old_content":"","_et_gb_content_width":"","_exactmetrics_skip_tracking":false,"_exactmetrics_sitenote_active":false,"_exactmetrics_sitenote_note":"","_exactmetrics_sitenote_category":0,"footnotes":""},"categories":[],"tags":[],"class_list":["post-9416","page","type-page","status-publish","hentry"],"_links":{"self":[{"href":"https:\/\/ppgeet.uff.br\/index.php\/wp-json\/wp\/v2\/pages\/9416","targetHints":{"allow":["GET"]}}],"collection":[{"href":"https:\/\/ppgeet.uff.br\/index.php\/wp-json\/wp\/v2\/pages"}],"about":[{"href":"https:\/\/ppgeet.uff.br\/index.php\/wp-json\/wp\/v2\/types\/page"}],"author":[{"embeddable":true,"href":"https:\/\/ppgeet.uff.br\/index.php\/wp-json\/wp\/v2\/users\/7"}],"replies":[{"embeddable":true,"href":"https:\/\/ppgeet.uff.br\/index.php\/wp-json\/wp\/v2\/comments?post=9416"}],"version-history":[{"count":2,"href":"https:\/\/ppgeet.uff.br\/index.php\/wp-json\/wp\/v2\/pages\/9416\/revisions"}],"predecessor-version":[{"id":9419,"href":"https:\/\/ppgeet.uff.br\/index.php\/wp-json\/wp\/v2\/pages\/9416\/revisions\/9419"}],"wp:attachment":[{"href":"https:\/\/ppgeet.uff.br\/index.php\/wp-json\/wp\/v2\/media?parent=9416"}],"wp:term":[{"taxonomy":"category","embeddable":true,"href":"https:\/\/ppgeet.uff.br\/index.php\/wp-json\/wp\/v2\/categories?post=9416"},{"taxonomy":"post_tag","embeddable":true,"href":"https:\/\/ppgeet.uff.br\/index.php\/wp-json\/wp\/v2\/tags?post=9416"}],"curies":[{"name":"wp","href":"https:\/\/api.w.org\/{rel}","templated":true}]}}