{"id":6106,"date":"2022-09-06T19:57:58","date_gmt":"2022-09-06T22:57:58","guid":{"rendered":"http:\/\/www.ppgeet.uff.br\/site\/?page_id=6106"},"modified":"2026-02-24T18:38:37","modified_gmt":"2026-02-24T21:38:37","slug":"eventos","status":"publish","type":"page","link":"https:\/\/ppgeet.uff.br\/index.php\/eventos\/","title":{"rendered":"Produ\u00e7\u00e3o do Programa"},"content":{"rendered":"<p>[et_pb_section admin_label=&#8221;section&#8221;]<br \/>\n\t\t\t[et_pb_row admin_label=&#8221;row&#8221;]<br \/>\n\t\t\t\t[et_pb_column type=&#8221;4_4&#8243;][et_pb_text admin_label=&#8221;Text&#8221;]<\/p>\n<div data-colibri-id=\"6106-c1\" class=\"style-4026 style-local-6106-c1 position-relative\">\n<div data-colibri-component=\"section\" data-colibri-id=\"6106-c2\" id=\"custom\" class=\"h-section h-section-global-spacing d-flex align-items-lg-center align-items-md-center align-items-center style-4027 style-local-6106-c2 position-relative\">\n<div class=\"h-section-grid-container h-section-boxed-container\">\n<div data-colibri-id=\"6106-c3\" class=\"h-row-container gutters-row-lg-2 gutters-row-md-2 gutters-row-0 gutters-row-v-lg-2 gutters-row-v-md-2 gutters-row-v-2 style-4041 style-local-6106-c3 position-relative\">\n<div class=\"h-row justify-content-lg-center justify-content-md-center justify-content-center align-items-lg-stretch align-items-md-stretch align-items-stretch gutters-col-lg-2 gutters-col-md-2 gutters-col-0 gutters-col-v-lg-2 gutters-col-v-md-2 gutters-col-v-2\">\n<div class=\"h-column h-column-container d-flex h-col-lg-auto h-col-md-auto h-col-auto style-4042-outer style-local-6106-c4-outer\">\n<div data-colibri-id=\"6106-c4\" class=\"d-flex h-flex-basis h-column__inner h-px-lg-2 h-px-md-2 h-px-2 v-inner-lg-2 v-inner-md-2 v-inner-2 style-4042 style-local-6106-c4 position-relative\">\n<div class=\"w-100 h-y-container h-column__content h-column__v-align flex-basis-100 align-self-lg-start align-self-md-start align-self-start\">\n<div data-colibri-id=\"6106-c5\" class=\"h-text h-text-component style-4043 style-local-6106-c5 position-relative h-element\">\n<div class=\"\">\n<p>Eventos<\/p>\n<\/div>\n<\/div>\n<\/div>\n<\/div>\n<\/div>\n<\/div>\n<\/div>\n<\/div>\n<\/div>\n<div data-colibri-component=\"section\" data-colibri-id=\"6106-c6\" id=\"features\" class=\"h-section h-section-global-spacing d-flex align-items-lg-center align-items-md-center align-items-center style-4067 style-local-6106-c6 position-relative\">\n<div class=\"h-section-grid-container h-section-boxed-container\">\n<div data-colibri-id=\"6106-c7\" class=\"h-row-container gutters-row-lg-2 gutters-row-md-2 gutters-row-2 gutters-row-v-lg-2 gutters-row-v-md-2 gutters-row-v-2 style-4068 style-local-6106-c7 position-relative\">\n<div class=\"h-row justify-content-lg-center justify-content-md-center justify-content-center align-items-lg-stretch align-items-md-stretch align-items-stretch gutters-col-lg-2 gutters-col-md-2 gutters-col-2 gutters-col-v-lg-2 gutters-col-v-md-2 gutters-col-v-2\">\n<div class=\"h-column h-column-container d-flex h-col-lg-auto h-col-md-auto h-col-auto style-4069-outer style-local-6106-c8-outer\">\n<div data-colibri-id=\"6106-c8\" class=\"d-flex h-flex-basis h-column__inner h-px-lg-2 h-px-md-2 h-px-2 v-inner-lg-2 v-inner-md-2 v-inner-2 style-4069 style-local-6106-c8 position-relative\">\n<div class=\"w-100 h-y-container h-column__content h-column__v-align flex-basis-100 align-self-lg-start align-self-md-start align-self-start\">\n<div data-colibri-component=\"tabs\" data-colibri-id=\"6106-c9\" class=\"h-tabs h-tabs-vertical h-tabs--vertical--auto-lg h-tabs--vertical--auto-md h-tabs--vertical--full h-tabs h-tabs-vertical h-tabs--vertical--auto-lg h-tabs--vertical--auto-md h-tabs--vertical--full style-4070 style-local-6106-c9 position-relative h-element\">\n<div class=\"h-tabs-navigation d-flex h-tabs-navigation-vertical\">\n                    <a href=\"#2023\" class=\"h-tabs-navigation-item d-flex align-items-center h-global-transition h-tabs-navigation-active-item h-custom-active-state\" rel=\"#2023\"><br \/>\n<span class=\"h-tabs-navigation-item__text\">2023<\/span><\/a><br \/>\n<a href=\"#2022-2\" class=\"h-tabs-navigation-item d-flex align-items-center h-global-transition\" rel=\"#2022-2\"><br \/>\n<span class=\"h-tabs-navigation-item__text\">2022<\/span><\/a><br \/>\n<a href=\"#2021\" class=\"h-tabs-navigation-item d-flex align-items-center h-global-transition\" rel=\"#2021\"><br \/>\n<span class=\"h-tabs-navigation-item__text\">2021<\/span><\/a><\/div>\n<div id=\"2023\" data-colibri-id=\"6106-c10\" class=\"h-tabs-item-content h-tabs-item h-tabs-content-vertical h-tabs-content-6106-c10 style-4071 style-local-6106-c10 position-relative h-element h-tabs-content-active\">\n<div class=\"w-100 h-y-container\">\n<div data-colibri-id=\"6106-c11\" class=\"h-row-container gutters-row-lg-0 gutters-row-md-0 gutters-row-0 gutters-row-v-lg-0 gutters-row-v-md-0 gutters-row-v-0 style-4072 style-local-6106-c11 position-relative\">\n<div class=\"h-row justify-content-lg-center justify-content-md-center justify-content-center align-items-lg-stretch align-items-md-stretch align-items-stretch gutters-col-lg-0 gutters-col-md-0 gutters-col-0 gutters-col-v-lg-0 gutters-col-v-md-0 gutters-col-v-0\">\n<div class=\"h-column h-column-container d-flex h-col-lg-auto h-col-md-auto h-col-auto style-4073-outer style-local-6106-c12-outer\">\n<div data-colibri-id=\"6106-c12\" class=\"d-flex h-flex-basis h-column__inner h-ui-empty-state-container h-px-lg-2 h-px-md-2 h-px-2 v-inner-lg-2 v-inner-md-2 v-inner-2 style-4073 style-local-6106-c12 position-relative\">\n<div class=\"w-100 h-y-container h-column__content h-column__v-align flex-basis-100\">\n                                <\/div>\n<\/div>\n<\/div>\n<\/div>\n<\/div>\n<div data-colibri-id=\"6106-c13\" class=\"h-text h-text-component style-4074 style-local-6106-c13 position-relative h-element\">\n<div class=\"\">\n<p>III Workshop PPGEET<\/p>\n<p><span style=\"font-weight: 400;font-size: 16px\">25 de outubro de 2023<\/span><\/p>\n<p>Venha conhecer as pesquisas j\u00e1 realizadas e em andamento no Programa de P\u00f3s Gradua\u00e7\u00e3o em Engenharia El\u00e9trica e de Telecomunica\u00e7\u00f5es da UFF, os laborat\u00f3rios e seus projetos!<\/p>\n<p><span style=\"font-weight: 600\">Inscri\u00e7\u00f5es abertas do 05 a 16 de outubro de 2023<\/span><\/p>\n<\/div>\n<\/div>\n<div data-colibri-id=\"6106-c14\" class=\"h-x-container style-4075 style-local-6106-c14 position-relative h-element\">\n<div class=\"h-x-container-inner style-dynamic-6106-c14-group style-4075-spacing style-local-6106-c14-spacing\"><span class=\"h-link__outer style-4076-outer style-local-6106-c15-outer d-inline-flex h-element\"><a href=\"https:\/\/www.even3.com.br\/iii-workshop-do-ppgeet\/\" data-colibri-id=\"6106-c15\" class=\"d-flex w-100 align-items-center h-link style-4076 style-local-6106-c15 position-relative\">&lt;!&#8211;&gt; <span>Site do evento<\/span>                          <span class=\"h-svg-icon h-link__icon style-4076-icon style-local-6106-c15-icon\">Icon by Icons8 Line Awesome (https:\/\/icons8.com\/line-awesome)&#8211;&gt;<\/span><\/a><br \/>\n<\/span><\/div>\n<\/div>\n<\/div>\n<\/div>\n<div id=\"2022-2\" data-colibri-id=\"6106-c16\" class=\"h-tabs-item-content h-tabs-item h-tabs-content-vertical h-tabs-content-6106-c16 style-4090 style-local-6106-c16 position-relative h-element hide\">\n<div class=\"w-100 h-y-container\">\n<div data-colibri-id=\"6106-c17\" class=\"h-row-container gutters-row-lg-0 gutters-row-md-0 gutters-row-0 gutters-row-v-lg-0 gutters-row-v-md-0 gutters-row-v-0 style-4091 style-local-6106-c17 position-relative\">\n<div class=\"h-row justify-content-lg-center justify-content-md-center justify-content-center align-items-lg-stretch align-items-md-stretch align-items-stretch gutters-col-lg-0 gutters-col-md-0 gutters-col-0 gutters-col-v-lg-0 gutters-col-v-md-0 gutters-col-v-0\">\n<div class=\"h-column h-column-container d-flex h-col-lg-auto h-col-md-auto h-col-auto style-4092-outer style-local-6106-c18-outer\">\n<div data-colibri-id=\"6106-c18\" class=\"d-flex h-flex-basis h-column__inner h-ui-empty-state-container h-px-lg-2 h-px-md-2 h-px-2 v-inner-lg-2 v-inner-md-2 v-inner-2 style-4092 style-local-6106-c18 position-relative\">\n<div class=\"w-100 h-y-container h-column__content h-column__v-align flex-basis-100\">\n                                <\/div>\n<\/div>\n<\/div>\n<\/div>\n<\/div>\n<div data-colibri-id=\"6106-c19\" class=\"h-text h-text-component style-4093 style-local-6106-c19 position-relative h-element\">\n<div class=\"\">\n<p>Venha conhecer as pesquisas j\u00e1 realizadas e em andamento no Programa de P\u00f3s Gradua\u00e7\u00e3o em Engenharia El\u00e9trica e de Telecomunica\u00e7\u00f5es da UFF, os laborat\u00f3rios e seus projetos!<\/p>\n<p>Palestra de abertura realizada pelo Dr Marcelo Prais e o Dr Carlos Alexandre Prado do ONS.<\/p>\n<p>As inscri\u00e7\u00f5es v\u00e3o at\u00e9 o dia 16 de setembro, n\u00e3o percam essa oportunidade!<\/p>\n<\/div>\n<\/div>\n<div data-colibri-id=\"6106-c20\" class=\"h-x-container style-4094 style-local-6106-c20 position-relative h-element\">\n<div class=\"h-x-container-inner style-dynamic-6106-c20-group style-4094-spacing style-local-6106-c20-spacing\"><span class=\"h-link__outer style-4095-outer style-local-6106-c21-outer d-inline-flex h-element\"><a href=\"\" data-colibri-id=\"6106-c21\" class=\"d-flex w-100 align-items-center h-link style-4095 style-local-6106-c21 position-relative\">&lt;!&#8211;&gt; <span>Site do evento<\/span>                          <span class=\"h-svg-icon h-link__icon style-4095-icon style-local-6106-c21-icon\">Icon by Icons8 Line Awesome (https:\/\/icons8.com\/line-awesome)&#8211;&gt;<\/span><\/a><br \/>\n<\/span><\/div>\n<\/div>\n<\/div>\n<\/div>\n<div id=\"2021\" data-colibri-id=\"6106-c22\" class=\"h-tabs-item-content h-tabs-item h-tabs-content-vertical h-tabs-content-6106-c22 style-4077 style-local-6106-c22 position-relative h-element hide\">\n<div class=\"w-100 h-y-container\">\n<div data-colibri-id=\"6106-c23\" class=\"h-row-container gutters-row-lg-0 gutters-row-md-0 gutters-row-0 gutters-row-v-lg-0 gutters-row-v-md-0 gutters-row-v-0 style-4078 style-local-6106-c23 position-relative\">\n<div class=\"h-row justify-content-lg-center justify-content-md-center justify-content-center align-items-lg-stretch align-items-md-stretch align-items-stretch gutters-col-lg-0 gutters-col-md-0 gutters-col-0 gutters-col-v-lg-0 gutters-col-v-md-0 gutters-col-v-0\">\n<div class=\"h-column h-column-container d-flex h-col-lg-auto h-col-md-auto h-col-auto style-4079-outer style-local-6106-c24-outer\">\n<div data-colibri-id=\"6106-c24\" class=\"d-flex h-flex-basis h-column__inner h-ui-empty-state-container h-px-lg-2 h-px-md-2 h-px-2 v-inner-lg-2 v-inner-md-2 v-inner-2 style-4079 style-local-6106-c24 position-relative\">\n<div class=\"w-100 h-y-container h-column__content h-column__v-align flex-basis-100\">\n                                <\/div>\n<\/div>\n<\/div>\n<\/div>\n<\/div>\n<div data-colibri-id=\"6106-c25\" class=\"h-text h-text-component style-4080 style-local-6106-c25 position-relative h-element\">\n<div class=\"\">\n<p>1\u00ba Workshop PPGEET.<\/p>\n<\/div>\n<\/div>\n<div data-colibri-id=\"6106-c26\" class=\"h-x-container style-4081 style-local-6106-c26 position-relative h-element\">\n<div class=\"h-x-container-inner style-dynamic-6106-c26-group style-4081-spacing style-local-6106-c26-spacing\"><span class=\"h-link__outer style-4076-outer style-local-6106-c27-outer d-inline-flex h-element\"><a href=\"\" data-colibri-id=\"6106-c27\" class=\"d-flex w-100 align-items-center h-link style-4076 style-local-6106-c27 position-relative\">&lt;!&#8211;&gt; <span>Site do evento<\/span>                          <span class=\"h-svg-icon h-link__icon style-4076-icon style-local-6106-c27-icon\">Icon by Icons8 Line Awesome (https:\/\/icons8.com\/line-awesome)&#8211;&gt;<\/span><\/a><br \/>\n<\/span><\/div>\n<\/div>\n<\/div>\n<\/div>\n<\/div>\n<\/div>\n<\/div>\n<\/div>\n<\/div>\n<\/div>\n<\/div>\n<\/div>\n<\/div>\n<p>[\/et_pb_text][\/et_pb_column]<br \/>\n\t\t\t[\/et_pb_row]<br \/>\n\t\t[\/et_pb_section]<\/p>\n","protected":false},"excerpt":{"rendered":"<p>Eventos 2023 2022 2021 III Workshop PPGEET 25 de outubro de 2023 Venha conhecer as pesquisas j\u00e1 realizadas e em andamento no Programa de P\u00f3s Gradua\u00e7\u00e3o em Engenharia El\u00e9trica e de Telecomunica\u00e7\u00f5es da UFF, os laborat\u00f3rios e seus projetos! Inscri\u00e7\u00f5es abertas do 05 a 16 de outubro de 2023 &lt;!&#8211;&gt; Site do evento Icon by [&hellip;]<\/p>\n","protected":false},"author":123500,"featured_media":0,"parent":0,"menu_order":0,"comment_status":"closed","ping_status":"closed","template":"","meta":{"_et_pb_use_builder":"on","_et_pb_old_content":"<div data-colibri-id=\"6106-c1\" class=\"style-4026 style-local-6106-c1 position-relative\">\n  \n<div data-colibri-component=\"section\" data-colibri-id=\"6106-c2\" id=\"custom\" class=\"h-section h-section-global-spacing d-flex align-items-lg-center align-items-md-center align-items-center style-4027 style-local-6106-c2 position-relative\">\n    \n\n<div class=\"h-section-grid-container h-section-boxed-container\">\n      \n<div data-colibri-id=\"6106-c3\" class=\"h-row-container gutters-row-lg-2 gutters-row-md-2 gutters-row-0 gutters-row-v-lg-2 gutters-row-v-md-2 gutters-row-v-2 style-4041 style-local-6106-c3 position-relative\">\n        \n<div class=\"h-row justify-content-lg-center justify-content-md-center justify-content-center align-items-lg-stretch align-items-md-stretch align-items-stretch gutters-col-lg-2 gutters-col-md-2 gutters-col-0 gutters-col-v-lg-2 gutters-col-v-md-2 gutters-col-v-2\">\n          \n<div class=\"h-column h-column-container d-flex h-col-lg-auto h-col-md-auto h-col-auto style-4042-outer style-local-6106-c4-outer\">\n<div data-colibri-id=\"6106-c4\" class=\"d-flex h-flex-basis h-column__inner h-px-lg-2 h-px-md-2 h-px-2 v-inner-lg-2 v-inner-md-2 v-inner-2 style-4042 style-local-6106-c4 position-relative\">\n              \n\n<div class=\"w-100 h-y-container h-column__content h-column__v-align flex-basis-100 align-self-lg-start align-self-md-start align-self-start\">\n                \n<div data-colibri-id=\"6106-c5\" class=\"h-text h-text-component style-4043 style-local-6106-c5 position-relative h-element\">\n                  \n\n<div class=\"\">\n\nEventos\n\n<\/div>\n<\/div>\n<\/div>\n<\/div>\n<\/div>\n<\/div>\n<\/div>\n<\/div>\n<\/div>\n<div data-colibri-component=\"section\" data-colibri-id=\"6106-c6\" id=\"features\" class=\"h-section h-section-global-spacing d-flex align-items-lg-center align-items-md-center align-items-center style-4067 style-local-6106-c6 position-relative\">\n    \n\n<div class=\"h-section-grid-container h-section-boxed-container\">\n      \n<div data-colibri-id=\"6106-c7\" class=\"h-row-container gutters-row-lg-2 gutters-row-md-2 gutters-row-2 gutters-row-v-lg-2 gutters-row-v-md-2 gutters-row-v-2 style-4068 style-local-6106-c7 position-relative\">\n        \n<div class=\"h-row justify-content-lg-center justify-content-md-center justify-content-center align-items-lg-stretch align-items-md-stretch align-items-stretch gutters-col-lg-2 gutters-col-md-2 gutters-col-2 gutters-col-v-lg-2 gutters-col-v-md-2 gutters-col-v-2\">\n          \n<div class=\"h-column h-column-container d-flex h-col-lg-auto h-col-md-auto h-col-auto style-4069-outer style-local-6106-c8-outer\">\n<div data-colibri-id=\"6106-c8\" class=\"d-flex h-flex-basis h-column__inner h-px-lg-2 h-px-md-2 h-px-2 v-inner-lg-2 v-inner-md-2 v-inner-2 style-4069 style-local-6106-c8 position-relative\">\n              \n\n<div class=\"w-100 h-y-container h-column__content h-column__v-align flex-basis-100 align-self-lg-start align-self-md-start align-self-start\">\n                \n<div data-colibri-component=\"tabs\" data-colibri-id=\"6106-c9\" class=\"h-tabs h-tabs-vertical h-tabs--vertical--auto-lg h-tabs--vertical--auto-md h-tabs--vertical--full h-tabs h-tabs-vertical h-tabs--vertical--auto-lg h-tabs--vertical--auto-md h-tabs--vertical--full style-4070 style-local-6106-c9 position-relative h-element\">\n                  \n<div class=\"h-tabs-navigation d-flex h-tabs-navigation-vertical\">\n                    <a href=\"#2023\" class=\"h-tabs-navigation-item d-flex align-items-center h-global-transition h-tabs-navigation-active-item h-custom-active-state\" rel=\"#2023\">\n<span class=\"h-tabs-navigation-item__text\">2023<\/span><\/a>\n<a href=\"#2022-2\" class=\"h-tabs-navigation-item d-flex align-items-center h-global-transition\" rel=\"#2022-2\">\n<span class=\"h-tabs-navigation-item__text\">2022<\/span><\/a>\n<a href=\"#2021\" class=\"h-tabs-navigation-item d-flex align-items-center h-global-transition\" rel=\"#2021\">\n<span class=\"h-tabs-navigation-item__text\">2021<\/span><\/a><\/div>\n<div id=\"2023\" data-colibri-id=\"6106-c10\" class=\"h-tabs-item-content h-tabs-item h-tabs-content-vertical h-tabs-content-6106-c10 style-4071 style-local-6106-c10 position-relative h-element h-tabs-content-active\">\n                    \n<div class=\"w-100 h-y-container\">\n                      \n<div data-colibri-id=\"6106-c11\" class=\"h-row-container gutters-row-lg-0 gutters-row-md-0 gutters-row-0 gutters-row-v-lg-0 gutters-row-v-md-0 gutters-row-v-0 style-4072 style-local-6106-c11 position-relative\">\n                        \n<div class=\"h-row justify-content-lg-center justify-content-md-center justify-content-center align-items-lg-stretch align-items-md-stretch align-items-stretch gutters-col-lg-0 gutters-col-md-0 gutters-col-0 gutters-col-v-lg-0 gutters-col-v-md-0 gutters-col-v-0\">\n                          \n<div class=\"h-column h-column-container d-flex h-col-lg-auto h-col-md-auto h-col-auto style-4073-outer style-local-6106-c12-outer\">\n<div data-colibri-id=\"6106-c12\" class=\"d-flex h-flex-basis h-column__inner h-ui-empty-state-container h-px-lg-2 h-px-md-2 h-px-2 v-inner-lg-2 v-inner-md-2 v-inner-2 style-4073 style-local-6106-c12 position-relative\">\n                              \n\n<div class=\"w-100 h-y-container h-column__content h-column__v-align flex-basis-100\">\n                                <\/div>\n<\/div>\n<\/div>\n<\/div>\n<\/div>\n<div data-colibri-id=\"6106-c13\" class=\"h-text h-text-component style-4074 style-local-6106-c13 position-relative h-element\">\n                        \n\n<div class=\"\">\n\nIII Workshop PPGEET\n\n<span style=\"font-weight: 400;font-size: 16px\">25 de outubro de 2023<\/span>\n\nVenha conhecer as pesquisas j\u00e1 realizadas e em andamento no Programa de P\u00f3s Gradua\u00e7\u00e3o em Engenharia El\u00e9trica e de Telecomunica\u00e7\u00f5es da UFF, os laborat\u00f3rios e seus projetos!\n\n<span style=\"font-weight: 600\">Inscri\u00e7\u00f5es abertas do 05 a 16 de outubro de 2023<\/span>\n\n<\/div>\n<\/div>\n<div data-colibri-id=\"6106-c14\" class=\"h-x-container style-4075 style-local-6106-c14 position-relative h-element\">\n                        \n<div class=\"h-x-container-inner style-dynamic-6106-c14-group style-4075-spacing style-local-6106-c14-spacing\"><span class=\"h-link__outer style-4076-outer style-local-6106-c15-outer d-inline-flex h-element\"><a href=\"https:\/\/www.even3.com.br\/iii-workshop-do-ppgeet\/\" data-colibri-id=\"6106-c15\" class=\"d-flex w-100 align-items-center h-link style-4076 style-local-6106-c15 position-relative\">&lt;!--&gt; <span>Site do evento<\/span>                          <span class=\"h-svg-icon h-link__icon style-4076-icon style-local-6106-c15-icon\">Icon by Icons8 Line Awesome (https:\/\/icons8.com\/line-awesome)--&gt;<\/span><\/a>\n<\/span><\/div>\n<\/div>\n<\/div>\n<\/div>\n<div id=\"2022-2\" data-colibri-id=\"6106-c16\" class=\"h-tabs-item-content h-tabs-item h-tabs-content-vertical h-tabs-content-6106-c16 style-4090 style-local-6106-c16 position-relative h-element hide\">\n                    \n<div class=\"w-100 h-y-container\">\n                      \n<div data-colibri-id=\"6106-c17\" class=\"h-row-container gutters-row-lg-0 gutters-row-md-0 gutters-row-0 gutters-row-v-lg-0 gutters-row-v-md-0 gutters-row-v-0 style-4091 style-local-6106-c17 position-relative\">\n                        \n<div class=\"h-row justify-content-lg-center justify-content-md-center justify-content-center align-items-lg-stretch align-items-md-stretch align-items-stretch gutters-col-lg-0 gutters-col-md-0 gutters-col-0 gutters-col-v-lg-0 gutters-col-v-md-0 gutters-col-v-0\">\n                          \n<div class=\"h-column h-column-container d-flex h-col-lg-auto h-col-md-auto h-col-auto style-4092-outer style-local-6106-c18-outer\">\n<div data-colibri-id=\"6106-c18\" class=\"d-flex h-flex-basis h-column__inner h-ui-empty-state-container h-px-lg-2 h-px-md-2 h-px-2 v-inner-lg-2 v-inner-md-2 v-inner-2 style-4092 style-local-6106-c18 position-relative\">\n                              \n\n<div class=\"w-100 h-y-container h-column__content h-column__v-align flex-basis-100\">\n                                <\/div>\n<\/div>\n<\/div>\n<\/div>\n<\/div>\n<div data-colibri-id=\"6106-c19\" class=\"h-text h-text-component style-4093 style-local-6106-c19 position-relative h-element\">\n                        \n\n<div class=\"\">\n\nVenha conhecer as pesquisas j\u00e1 realizadas e em andamento no Programa de P\u00f3s Gradua\u00e7\u00e3o em Engenharia El\u00e9trica e de Telecomunica\u00e7\u00f5es da UFF, os laborat\u00f3rios e seus projetos!\n\nPalestra de abertura realizada pelo Dr Marcelo Prais e o Dr Carlos Alexandre Prado do ONS.\n\nAs inscri\u00e7\u00f5es v\u00e3o at\u00e9 o dia 16 de setembro, n\u00e3o percam essa oportunidade!\n\n<\/div>\n<\/div>\n<div data-colibri-id=\"6106-c20\" class=\"h-x-container style-4094 style-local-6106-c20 position-relative h-element\">\n                        \n<div class=\"h-x-container-inner style-dynamic-6106-c20-group style-4094-spacing style-local-6106-c20-spacing\"><span class=\"h-link__outer style-4095-outer style-local-6106-c21-outer d-inline-flex h-element\"><a href=\"\" data-colibri-id=\"6106-c21\" class=\"d-flex w-100 align-items-center h-link style-4095 style-local-6106-c21 position-relative\">&lt;!--&gt; <span>Site do evento<\/span>                          <span class=\"h-svg-icon h-link__icon style-4095-icon style-local-6106-c21-icon\">Icon by Icons8 Line Awesome (https:\/\/icons8.com\/line-awesome)--&gt;<\/span><\/a>\n<\/span><\/div>\n<\/div>\n<\/div>\n<\/div>\n<div id=\"2021\" data-colibri-id=\"6106-c22\" class=\"h-tabs-item-content h-tabs-item h-tabs-content-vertical h-tabs-content-6106-c22 style-4077 style-local-6106-c22 position-relative h-element hide\">\n                    \n<div class=\"w-100 h-y-container\">\n                      \n<div data-colibri-id=\"6106-c23\" class=\"h-row-container gutters-row-lg-0 gutters-row-md-0 gutters-row-0 gutters-row-v-lg-0 gutters-row-v-md-0 gutters-row-v-0 style-4078 style-local-6106-c23 position-relative\">\n                        \n<div class=\"h-row justify-content-lg-center justify-content-md-center justify-content-center align-items-lg-stretch align-items-md-stretch align-items-stretch gutters-col-lg-0 gutters-col-md-0 gutters-col-0 gutters-col-v-lg-0 gutters-col-v-md-0 gutters-col-v-0\">\n                          \n<div class=\"h-column h-column-container d-flex h-col-lg-auto h-col-md-auto h-col-auto style-4079-outer style-local-6106-c24-outer\">\n<div data-colibri-id=\"6106-c24\" class=\"d-flex h-flex-basis h-column__inner h-ui-empty-state-container h-px-lg-2 h-px-md-2 h-px-2 v-inner-lg-2 v-inner-md-2 v-inner-2 style-4079 style-local-6106-c24 position-relative\">\n                              \n\n<div class=\"w-100 h-y-container h-column__content h-column__v-align flex-basis-100\">\n                                <\/div>\n<\/div>\n<\/div>\n<\/div>\n<\/div>\n<div data-colibri-id=\"6106-c25\" class=\"h-text h-text-component style-4080 style-local-6106-c25 position-relative h-element\">\n                        \n\n<div class=\"\">\n\n1\u00ba Workshop PPGEET.\n\n<\/div>\n<\/div>\n<div data-colibri-id=\"6106-c26\" class=\"h-x-container style-4081 style-local-6106-c26 position-relative h-element\">\n                        \n<div class=\"h-x-container-inner style-dynamic-6106-c26-group style-4081-spacing style-local-6106-c26-spacing\"><span class=\"h-link__outer style-4076-outer style-local-6106-c27-outer d-inline-flex h-element\"><a href=\"\" data-colibri-id=\"6106-c27\" class=\"d-flex w-100 align-items-center h-link style-4076 style-local-6106-c27 position-relative\">&lt;!--&gt; <span>Site do evento<\/span>                          <span class=\"h-svg-icon h-link__icon style-4076-icon style-local-6106-c27-icon\">Icon by Icons8 Line Awesome (https:\/\/icons8.com\/line-awesome)--&gt;<\/span><\/a>\n<\/span><\/div>\n<\/div>\n<\/div>\n<\/div>\n<\/div>\n<\/div>\n<\/div>\n<\/div>\n<\/div>\n<\/div>\n<\/div>\n<\/div>\n<\/div>","_et_gb_content_width":"","_exactmetrics_skip_tracking":false,"_exactmetrics_sitenote_active":false,"_exactmetrics_sitenote_note":"","_exactmetrics_sitenote_category":0,"footnotes":""},"categories":[],"tags":[],"class_list":["post-6106","page","type-page","status-publish","hentry"],"_links":{"self":[{"href":"https:\/\/ppgeet.uff.br\/index.php\/wp-json\/wp\/v2\/pages\/6106","targetHints":{"allow":["GET"]}}],"collection":[{"href":"https:\/\/ppgeet.uff.br\/index.php\/wp-json\/wp\/v2\/pages"}],"about":[{"href":"https:\/\/ppgeet.uff.br\/index.php\/wp-json\/wp\/v2\/types\/page"}],"author":[{"embeddable":true,"href":"https:\/\/ppgeet.uff.br\/index.php\/wp-json\/wp\/v2\/users\/123500"}],"replies":[{"embeddable":true,"href":"https:\/\/ppgeet.uff.br\/index.php\/wp-json\/wp\/v2\/comments?post=6106"}],"version-history":[{"count":20,"href":"https:\/\/ppgeet.uff.br\/index.php\/wp-json\/wp\/v2\/pages\/6106\/revisions"}],"predecessor-version":[{"id":9736,"href":"https:\/\/ppgeet.uff.br\/index.php\/wp-json\/wp\/v2\/pages\/6106\/revisions\/9736"}],"wp:attachment":[{"href":"https:\/\/ppgeet.uff.br\/index.php\/wp-json\/wp\/v2\/media?parent=6106"}],"wp:term":[{"taxonomy":"category","embeddable":true,"href":"https:\/\/ppgeet.uff.br\/index.php\/wp-json\/wp\/v2\/categories?post=6106"},{"taxonomy":"post_tag","embeddable":true,"href":"https:\/\/ppgeet.uff.br\/index.php\/wp-json\/wp\/v2\/tags?post=6106"}],"curies":[{"name":"wp","href":"https:\/\/api.w.org\/{rel}","templated":true}]}}